{"id":494,"date":"2018-03-06T17:58:51","date_gmt":"2018-03-06T16:58:51","guid":{"rendered":"http:\/\/www.charvat-chs.cz\/?page_id=494"},"modified":"2024-01-17T13:06:36","modified_gmt":"2024-01-17T12:06:36","slug":"firmengeschichte","status":"publish","type":"page","link":"https:\/\/www.charvat-chs.cz\/de\/firmengeschichte\/","title":{"rendered":"Firmengeschichte"},"content":{"rendered":"<p><strong>1990<\/strong>\u00a0\u2013 Dr. Ji\u0159\u00ed Charv\u00e1t begann mit Gesch\u00e4ftsaktivit\u00e4ten<\/p>\n<p><strong>1995<\/strong>\u00a0\u2013 Gr\u00fcndung der Tochtergesellschaft Charv\u00e1t Slovakia s.r.o.<\/p>\n<p><strong>1998\u00a0<\/strong>\u2013 \u00dcbernahme eines Teiles des Unternehmens Technometra in Zbraslavice<\/p>\n<p><strong>2003<\/strong>\u00a0\u2013 Gr\u00fcndung der Tochtergesellschaft Charv\u00e1t d.o.o. in Kroatien<\/p>\n<p><strong>2006<\/strong>\u00a0\u2013 Gr\u00fcndung der Gesellschaft CHARV\u00c1T Group s.r.o. durch die Transformation des Unternehmenssubjektes JUDr. Ing. Ji\u0159\u00ed Charv\u00e1t<\/p>\n<p><strong>2006<\/strong>\u00a0\u2013 Akquisition der Gesellschaft AVHB s.r.o. in Opava<\/p>\n<p><strong>2008<\/strong>\u00a0\u2013 Gr\u00fcndung der Tochtergesellschaft CHARV\u00c1T o.o.o. in der Ukraine<\/p>\n<p><strong>2009<\/strong>\u00a0\u2013 Aufbau von neuen Produktionshallen, Verdoppelung der Produktionsfl\u00e4chen im Unternehmen in Zbraslavice<\/p>\n<p><strong>2010<\/strong>\u00a0\u2013 Akquisition der Gesellschaft AXL a.s. in Semily<\/p>\n<p><strong>2012<\/strong>\u00a0\u2013 Akquisition der Gesellschaft Hykom s.r.o. in Rakovn\u00edk<\/p>\n<p><strong>2013<\/strong>\u00a0\u2013 Akquisition AT-OIL s.r.o. in Jihlava und CTS a.s. in Ok\u0159\u00ednek<\/p>\n<p><strong>2016<\/strong> \u2013 Erwerb einer Mehrheitsbeteiligung an HIPODROM MOST a.s.<\/p>\n<p><strong>2017<\/strong> \u2013 Akquisition der Gesellschaft SBAJ Inmart a.s.<\/p>\n<p><strong>2020<\/strong> \u2013 Akquisition der Gesellschaft HYDRO-FLEX, s.r.o.<\/p>\n<p><strong>2022<\/strong> &#8211; Akquisition der Gesellschaft DG hydraulika s.r.o.<\/p>\n<p><strong>2024<\/strong> \u2013 Akquisition der Gesellschaft PACOVSK\u00c9 STROJ\u00cdRNY, a.s.<\/p>\n","protected":false},"excerpt":{"rendered":"<p>1990\u00a0\u2013 Dr. Ji\u0159\u00ed Charv\u00e1t begann mit Gesch\u00e4ftsaktivit\u00e4ten 1995\u00a0\u2013 Gr\u00fcndung der Tochtergesellschaft Charv\u00e1t Slovakia s.r.o. 1998\u00a0\u2013 \u00dcbernahme eines Teiles des Unternehmens Technometra in Zbraslavice 2003\u00a0\u2013 Gr\u00fcndung der Tochtergesellschaft Charv\u00e1t d.o.o. in Kroatien 2006\u00a0\u2013 Gr\u00fcndung der Gesellschaft CHARV\u00c1T Group s.r.o. durch die Transformation des Unternehmenssubjektes JUDr. Ing. Ji\u0159\u00ed Charv\u00e1t 2006\u00a0\u2013 Akquisition der Gesellschaft AVHB s.r.o. in Opava [&hellip;]<\/p>\n","protected":false},"author":1,"featured_media":0,"parent":0,"menu_order":0,"comment_status":"closed","ping_status":"closed","template":"","meta":{"_acf_changed":false,"footnotes":""},"class_list":["post-494","page","type-page","status-publish","hentry"],"acf":[],"_links":{"self":[{"href":"https:\/\/www.charvat-chs.cz\/de\/wp-json\/wp\/v2\/pages\/494","targetHints":{"allow":["GET"]}}],"collection":[{"href":"https:\/\/www.charvat-chs.cz\/de\/wp-json\/wp\/v2\/pages"}],"about":[{"href":"https:\/\/www.charvat-chs.cz\/de\/wp-json\/wp\/v2\/types\/page"}],"author":[{"embeddable":true,"href":"https:\/\/www.charvat-chs.cz\/de\/wp-json\/wp\/v2\/users\/1"}],"replies":[{"embeddable":true,"href":"https:\/\/www.charvat-chs.cz\/de\/wp-json\/wp\/v2\/comments?post=494"}],"version-history":[{"count":6,"href":"https:\/\/www.charvat-chs.cz\/de\/wp-json\/wp\/v2\/pages\/494\/revisions"}],"predecessor-version":[{"id":4693,"href":"https:\/\/www.charvat-chs.cz\/de\/wp-json\/wp\/v2\/pages\/494\/revisions\/4693"}],"wp:attachment":[{"href":"https:\/\/www.charvat-chs.cz\/de\/wp-json\/wp\/v2\/media?parent=494"}],"curies":[{"name":"wp","href":"https:\/\/api.w.org\/{rel}","templated":true}]}}