{"id":516,"date":"2018-03-06T18:04:14","date_gmt":"2018-03-06T17:04:14","guid":{"rendered":"http:\/\/www.charvat-chs.cz\/?page_id=516"},"modified":"2023-03-10T12:06:32","modified_gmt":"2023-03-10T11:06:32","slug":"ueber-die-gesellschaft","status":"publish","type":"page","link":"https:\/\/www.charvat-chs.cz\/de\/ueber-die-gesellschaft\/","title":{"rendered":"\u00dcber die Gesellschaft"},"content":{"rendered":"<p>Die Gesellschaft CHARV\u00c1T Group s.r.o. mit dem Sitz in Zbraslavice entstand zum 31. Januar 2006 durch die Transformation des Unternehmenssubjektes JUDr. Ing. Ji\u0159\u00ed Charv\u00e1t. Das Unternehmen hat eigene Tochtergesellschaften in der Slowakei, in Kroatien und in der Ukraine. Es besch\u00e4ftigt insgesamt 250 Mitarbeiter und erzielt einen Umsatz gegen 29 Mio EUR.<\/p>\n<p>Die erste Hauptt\u00e4tigkeit ist die Industriehydraulik, wo die Gesellschaft CHARV\u00c1T Group s.r.o. den entscheidenden Anteil in der Produktion und dem Verkauf der hydraulischen Komponenten in Zentraleuropa besitzt.<\/p>\n<p>Gesellschaft CHARV\u00c1T Group s.r.o. ist bekannt wie ein qualifizierter Lieferant in folgenden 5 Kernbereichen:<\/p>\n<ul>\n<li>Produktion von hydraulischen Zylindern<\/li>\n<li>Fabrikanlage zur Herstellung von konfektionierten hydraulischen Schlauchleitungen<\/li>\n<li>Produktion von hydraulischen Rohrleitungen<\/li>\n<li>Lieferant des umfassenden Sortimentes von hydraulischen Komponenten \u2013 Verschraubungen, Hydraulikkupplungen, Manometer, usw.<\/li>\n<li>Lieferant der technischen L\u00f6sungen Know-How<\/li>\n<\/ul>\n<p>Der zweite Fachbereich ist der Vertrieb von Industriefl\u00fcssigkeiten. Die Gesellschaft CHARV\u00c1T Group s.r.o. verf\u00fcgt \u00fcber au\u03b2ergew\u00f6hnliche Erfahrungen, die sie w\u00e4hrend dem langj\u00e4hrigen Verkauf der Produkte von renommierten Herstellern gewonnen hat.<\/p>\n<p>Verbindung der verschiedenen Informationsquellen von den Leitern des Weltmarktes auf dem Gebiet der K\u00fchlschmierstoffe und Umformungshydraulikfl\u00fcssigkeiten gibt uns die innere Sicherheit, sodass wir unter der eigenen Marke CHARV\u00c1T OIL vergleichbare, erstklassige Produkte anbieten.<\/p>\n","protected":false},"excerpt":{"rendered":"<p>Die Gesellschaft CHARV\u00c1T Group s.r.o. mit dem Sitz in Zbraslavice entstand zum 31. Januar 2006 durch die Transformation des Unternehmenssubjektes JUDr. Ing. Ji\u0159\u00ed Charv\u00e1t. Das Unternehmen hat eigene Tochtergesellschaften in der Slowakei, in Kroatien und in der Ukraine. Es besch\u00e4ftigt insgesamt 250 Mitarbeiter und erzielt einen Umsatz gegen 29 Mio EUR. Die erste Hauptt\u00e4tigkeit ist [&hellip;]<\/p>\n","protected":false},"author":1,"featured_media":0,"parent":0,"menu_order":0,"comment_status":"closed","ping_status":"closed","template":"","meta":{"_acf_changed":false,"footnotes":""},"class_list":["post-516","page","type-page","status-publish","hentry"],"acf":[],"_links":{"self":[{"href":"https:\/\/www.charvat-chs.cz\/de\/wp-json\/wp\/v2\/pages\/516","targetHints":{"allow":["GET"]}}],"collection":[{"href":"https:\/\/www.charvat-chs.cz\/de\/wp-json\/wp\/v2\/pages"}],"about":[{"href":"https:\/\/www.charvat-chs.cz\/de\/wp-json\/wp\/v2\/types\/page"}],"author":[{"embeddable":true,"href":"https:\/\/www.charvat-chs.cz\/de\/wp-json\/wp\/v2\/users\/1"}],"replies":[{"embeddable":true,"href":"https:\/\/www.charvat-chs.cz\/de\/wp-json\/wp\/v2\/comments?post=516"}],"version-history":[{"count":5,"href":"https:\/\/www.charvat-chs.cz\/de\/wp-json\/wp\/v2\/pages\/516\/revisions"}],"predecessor-version":[{"id":3993,"href":"https:\/\/www.charvat-chs.cz\/de\/wp-json\/wp\/v2\/pages\/516\/revisions\/3993"}],"wp:attachment":[{"href":"https:\/\/www.charvat-chs.cz\/de\/wp-json\/wp\/v2\/media?parent=516"}],"curies":[{"name":"wp","href":"https:\/\/api.w.org\/{rel}","templated":true}]}}