{"id":971,"date":"2018-03-08T15:54:10","date_gmt":"2018-03-08T14:54:10","guid":{"rendered":"http:\/\/www.charvat-chs.cz\/lokale-niederlassungen\/ceske-budejovice\/"},"modified":"2024-05-21T14:40:14","modified_gmt":"2024-05-21T12:40:14","slug":"ceske-budejovice","status":"publish","type":"page","link":"https:\/\/www.charvat-chs.cz\/de\/lokale-niederlassungen\/ceske-budejovice\/","title":{"rendered":"\u010cesk\u00e9 Bud\u011bjovice"},"content":{"rendered":"","protected":false},"excerpt":{"rendered":"","protected":false},"author":1,"featured_media":0,"parent":967,"menu_order":0,"comment_status":"closed","ping_status":"closed","template":"kontakty.php","meta":{"_acf_changed":false,"footnotes":""},"class_list":["post-971","page","type-page","status-publish","hentry"],"acf":[],"_links":{"self":[{"href":"https:\/\/www.charvat-chs.cz\/de\/wp-json\/wp\/v2\/pages\/971","targetHints":{"allow":["GET"]}}],"collection":[{"href":"https:\/\/www.charvat-chs.cz\/de\/wp-json\/wp\/v2\/pages"}],"about":[{"href":"https:\/\/www.charvat-chs.cz\/de\/wp-json\/wp\/v2\/types\/page"}],"author":[{"embeddable":true,"href":"https:\/\/www.charvat-chs.cz\/de\/wp-json\/wp\/v2\/users\/1"}],"replies":[{"embeddable":true,"href":"https:\/\/www.charvat-chs.cz\/de\/wp-json\/wp\/v2\/comments?post=971"}],"version-history":[{"count":8,"href":"https:\/\/www.charvat-chs.cz\/de\/wp-json\/wp\/v2\/pages\/971\/revisions"}],"predecessor-version":[{"id":4857,"href":"https:\/\/www.charvat-chs.cz\/de\/wp-json\/wp\/v2\/pages\/971\/revisions\/4857"}],"up":[{"embeddable":true,"href":"https:\/\/www.charvat-chs.cz\/de\/wp-json\/wp\/v2\/pages\/967"}],"wp:attachment":[{"href":"https:\/\/www.charvat-chs.cz\/de\/wp-json\/wp\/v2\/media?parent=971"}],"curies":[{"name":"wp","href":"https:\/\/api.w.org\/{rel}","templated":true}]}}