{"id":2852,"date":"2022-02-22T13:45:27","date_gmt":"2022-02-22T12:45:27","guid":{"rendered":"https:\/\/www.charvat-chs.cz\/?page_id=2852"},"modified":"2023-01-06T13:12:44","modified_gmt":"2023-01-06T12:12:44","slug":"nove-mesto-nad-metuji","status":"publish","type":"page","link":"https:\/\/www.charvat-chs.cz\/en\/local-plants\/nove-mesto-nad-metuji\/","title":{"rendered":"Nov\u00e9 M\u011bsto nad Metuj\u00ed"},"content":{"rendered":"","protected":false},"excerpt":{"rendered":"","protected":false},"author":2,"featured_media":0,"parent":966,"menu_order":0,"comment_status":"closed","ping_status":"closed","template":"kontakty.php","meta":{"_acf_changed":false,"footnotes":""},"class_list":["post-2852","page","type-page","status-publish","hentry"],"acf":[],"_links":{"self":[{"href":"https:\/\/www.charvat-chs.cz\/en\/wp-json\/wp\/v2\/pages\/2852","targetHints":{"allow":["GET"]}}],"collection":[{"href":"https:\/\/www.charvat-chs.cz\/en\/wp-json\/wp\/v2\/pages"}],"about":[{"href":"https:\/\/www.charvat-chs.cz\/en\/wp-json\/wp\/v2\/types\/page"}],"author":[{"embeddable":true,"href":"https:\/\/www.charvat-chs.cz\/en\/wp-json\/wp\/v2\/users\/2"}],"replies":[{"embeddable":true,"href":"https:\/\/www.charvat-chs.cz\/en\/wp-json\/wp\/v2\/comments?post=2852"}],"version-history":[{"count":11,"href":"https:\/\/www.charvat-chs.cz\/en\/wp-json\/wp\/v2\/pages\/2852\/revisions"}],"predecessor-version":[{"id":3747,"href":"https:\/\/www.charvat-chs.cz\/en\/wp-json\/wp\/v2\/pages\/2852\/revisions\/3747"}],"up":[{"embeddable":true,"href":"https:\/\/www.charvat-chs.cz\/en\/wp-json\/wp\/v2\/pages\/966"}],"wp:attachment":[{"href":"https:\/\/www.charvat-chs.cz\/en\/wp-json\/wp\/v2\/media?parent=2852"}],"curies":[{"name":"wp","href":"https:\/\/api.w.org\/{rel}","templated":true}]}}